{"id":14170,"date":"2025-06-20T13:57:51","date_gmt":"2025-06-20T11:57:51","guid":{"rendered":"https:\/\/todotours.com\/termini-e-condizioni\/"},"modified":"2025-10-20T11:08:37","modified_gmt":"2025-10-20T09:08:37","slug":"termini-e-condizioni","status":"publish","type":"page","link":"https:\/\/todotours.com\/it\/termini-e-condizioni\/","title":{"rendered":"Termini e Condizioni"},"content":{"rendered":"\t\t<div data-elementor-type=\"wp-page\" data-elementor-id=\"14170\" class=\"elementor elementor-14170 elementor-97\" data-elementor-post-type=\"page\">\n\t\t\t\t<div class=\"has_ae_slider elementor-element elementor-element-828aabc e-flex e-con-boxed ae-bg-gallery-type-default e-con e-parent\" data-id=\"828aabc\" data-element_type=\"container\" data-e-type=\"container\">\n\t\t\t\t\t<div class=\"e-con-inner\">\n\t\t\t\t<div class=\"elementor-element elementor-element-fd81eb9 elementor-widget elementor-widget-text-editor\" data-id=\"fd81eb9\" data-element_type=\"widget\" data-e-type=\"widget\" data-widget_type=\"text-editor.default\">\n\t\t\t\t<div class=\"elementor-widget-container\">\n\t\t\t\t\t\t\t\t\t<div id=\"page_caption\" class=\" withtopbar \"><div class=\"page_title_wrapper\"><div class=\"page_title_inner\"><div class=\"page_title_content\"><h1>Termini e Condizioni<\/h1><\/div><\/div><\/div><\/div><div id=\"page_content_wrapper\" class=\" \"><div class=\"inner\"><div class=\"inner_wrapper\"><div class=\"sidebar_content full_width\"><h3>TERMINI E CONDIZIONI GENERALI D&#8217;USO<\/h3><p> <\/p><p>I seguenti <b>Termini e Condizioni<\/b> regolano l&#8217;accesso e l&#8217;utilizzo della piattaforma online <b>www.todotours.com,<\/b> dei contenuti che la compongono e delle attivit\u00e0 e\/o dei servizi in essa offerti.<\/p><p><b>Todotours.com<\/b> \u00e8 una <b>piattaforma online<\/b> dedicata alla pubblicazione<b> e alla prenotazione di attivit\u00e0<\/b> turistiche, culturali e di svago in Spagna.<\/p><p>In conformit\u00e0 con la <b>Legge 34\/2002<\/b>, Legge sul Commercio Elettronico e con il Libro IV del <b>R.D.L. 1\/2007<\/b>, Legge Generale per la Difesa dei Consumatori e degli Utenti, in particolare il Titolo II, articoli 159 e 160, ti informiamo che la propriet\u00e0 di <b>www.todotours.com<\/b> (d&#8217;ora in poi la &#8220;piattaforma&#8221;) appartiene a <b>TODO TOURS GESTION SL <\/b>(&#8220;Todo Tours&#8221;), con sede legale in Calle Jose Antonio de Armona, 12, 28012, Madrid, Spagna, con NIF-B67952341. L&#8217;indirizzo e-mail per il contatto \u00e8 hola@todotours.com. <\/p><p>Il nome di dominio attraverso il quale l&#8217;utente ha avuto accesso alla piattaforma \u00e8 di propriet\u00e0 di Todo Tours. Questo nome di dominio non pu\u00f2 essere utilizzato in relazione ad altri contenuti, prodotti e\/o servizi che non siano di propriet\u00e0 di Todo Tours o in modo tale da causare discredito o confusione tra gli utenti. <\/p><p> <\/p><h4>1. Accettazione delle condizioni<\/h4><p>L&#8217;accesso a <b>Todotours.com<\/b>, l&#8217;utilizzo dei suoi contenuti, delle sue attivit\u00e0 e\/o dei servizi offerti, implica l&#8217;acquisizione dello status di utente e la dichiarazione di aver letto, compreso e accettato le presenti Condizioni d&#8217;uso, l&#8217;<b>Informativa sulla privacy<\/b> e le Condizioni di prenotazione, che costituiscono parte integrante del presente <b>Avviso legale<\/b>.<\/p><p> <\/p><h4>2. Accesso e utilizzo della Piattaforma<\/h4><p>Accedendo e utilizzando i servizi di Todotours.com, accetti di:<\/p><p>A. Utilizzare la Piattaforma per uso personale e non commerciale.<\/p><p>B. Non utilizzare la Piattaforma per avanzare richieste speculative, false o fraudolente o in qualsiasi modo che possa danneggiare o impedire il normale utilizzo o godimento della Piattaforma da parte di altri utenti.<\/p><p>C. Dichiara di essere maggiorenne (pi\u00f9 di 18 anni) e di avere la capacit\u00e0 giuridica necessaria per contrattare le attivit\u00e0 offerte da Todo Tours, in conformit\u00e0 con le condizioni legali, che dichiara di comprendere e accettare.<\/p><p>D. Garantire l&#8217;autenticit\u00e0 di tutti i dati inseriti durante la compilazione del modulo nel processo di prenotazione delle attivit\u00e0 stabilite sulla Piattaforma, prestando particolare attenzione all&#8217;introduzione dei dati relativi ai documenti, nonch\u00e9 ai nomi dei terzi per i quali si inseriscono i dati, verificando che corrispondano a quelli che compaiono sulla carta d&#8217;identit\u00e0 o sul passaporto. Todo Tours non \u00e8 responsabile della veridicit\u00e0 e dell&#8217;accuratezza dei dati forniti, nonch\u00e9 delle conseguenze legali e dei costi associati che tale comportamento pu\u00f2 comportare. In tutte le prenotazioni, si riterr\u00e0 che la persona che effettua la prenotazione abbia accettato le presenti condizioni per conto delle persone che compaiono nella prenotazione.  <\/p><p>E. L&#8217;utente ha l&#8217;autorit\u00e0 legale per stipulare il presente Contratto e per utilizzare la Piattaforma in conformit\u00e0 con tutti i termini e le condizioni qui specificati.<\/p><p>L&#8217;utente sar\u00e0 responsabile nei confronti di Todo Tours e\/o di terzi per qualsiasi danno che possa essere causato in conseguenza di una violazione degli obblighi previsti dal presente Avviso Legale.<\/p><p> <\/p><h4>3. Esclusione di responsabilit\u00e0 e limitazione di responsabilit\u00e0<\/h4><p>Dalla nostra Piattaforma \u00e8 possibile che l&#8217;utente venga reindirizzato a contenuti di siti web di terzi. Poich\u00e9 Todo Tours non pu\u00f2 sempre controllare i contenuti pubblicati da terzi sui loro siti web, Todo Tours declina ogni responsabilit\u00e0 per tali contenuti. In ogni caso, Todo Tours dichiara che proceder\u00e0 all&#8217;immediata rimozione di qualsiasi contenuto che possa violare la legge nazionale o internazionale, la morale o l&#8217;ordine pubblico, procedendo all&#8217;immediato ritiro del reindirizzamento al sito web, informando le autorit\u00e0 competenti del contenuto in questione.  <\/p><p>Todo Tours non \u00e8 responsabile delle informazioni e dei contenuti pubblicati, a titolo esemplificativo e non esaustivo, nei forum, nelle chat, nei blog, nei commenti, nelle valutazioni, nei social network o in qualsiasi altro mezzo che consenta agli utenti o a terzi di pubblicare contenuti in modo indipendente sulla nostra Piattaforma.<\/p><p>Ciononostante, e in conformit\u00e0 con la legislazione vigente, Todo Tours collaborer\u00e0 attivamente alla rimozione o al blocco di tutti i contenuti che possano pregiudicare o contravvenire alla legislazione nazionale o internazionale, ai diritti di terzi o alla morale e all&#8217;ordine pubblico.<\/p><p>Se ritieni che sulla Piattaforma siano presenti contenuti che potrebbero essere soggetti a questa classificazione, ti preghiamo di informarci immediatamente all&#8217;indirizzo hola@todotours.com.<\/p><p>Tutti i Tour sono stati controllati e testati per verificarne il corretto funzionamento. In linea di massima, \u00e8 possibile garantirne il corretto funzionamento 365 giorni all&#8217;anno, 24 ore al giorno. Tuttavia, Todo Tours non esclude la possibilit\u00e0 che si verifichino errori di programmazione, errori di connessione o cause di forza maggiore, disastri naturali, scioperi o circostanze simili che rendano impossibile l&#8217;accesso alla Piattaforma.  <\/p><p>Il Titolare si riserva il diritto di sospendere o interrompere, in qualsiasi momento e senza preavviso, l&#8217;accesso ai prodotti, ai servizi e\/o ai Contenuti del Portale, nonch\u00e9 la configurazione del Portale e delle sue funzionalit\u00e0 per manutenzione, riparazione, aggiornamento, miglioramento e\/o adeguamento a modifiche tecniche, operative e\/o legali, senza che l&#8217;utente possa rivendicare o richiedere alcun tipo di risarcimento.<\/p><p>Todo Tours non sar\u00e0 responsabile in alcun caso di eventuali perdite, danni o pregiudizi che possano essere causati da ragioni inerenti al mancato o difettoso funzionamento della Piattaforma o dei siti web ai quali, se del caso, siano stati stabiliti dei link.<\/p><p>Il Titolare dichiara di aver adottato tutte le misure necessarie, nell&#8217;ambito delle proprie possibilit\u00e0 e dello stato della tecnologia, per garantire il funzionamento del Portale ed evitare l&#8217;esistenza e\/o la trasmissione di virus e altri componenti dannosi agli utenti.<\/p><p>I presenti termini e condizioni e l&#8217;esclusione di responsabilit\u00e0 di cui sopra non pregiudicano i diritti legali obbligatori che non possono essere esclusi ai sensi della legge applicabile.<\/p><p> <\/p><h4>4. Divieti<\/h4><p>In qualit\u00e0 di utente della Piattaforma, l&#8217;utente accetta di rispettare le seguenti condizioni nell&#8217;accesso e nell&#8217;utilizzo della Piattaforma, e gli \u00e8 vietato farlo:<\/p><p>1. Qualsiasi comunicazione o trasmissione di informazioni che violino i diritti di terzi e\/o il cui contenuto sia minaccioso, osceno, diffamatorio, pornografico, xenofobo, offensivo della dignit\u00e0 della persona o dei diritti del minore, della legge in vigore o di qualsiasi comportamento che inciti o costituisca la commissione di un reato.<\/p><p>2. Utilizzare la Piattaforma o i suoi contenuti per scopi commerciali o illegittimi. Qualsiasi altro utilizzo del contenuto della Piattaforma richiede il preventivo consenso scritto di Todo Tours (se sei interessato a diventare un partner di Todo Tours, contattaci per maggiori informazioni). <\/p><p>3. Incorporare, rispecchiare o incorporare in altro modo qualsiasi parte di questo Sito web in qualsiasi altro sito web senza il nostro previo consenso scritto.<\/p><p>4. Utilizzare la Piattaforma per minacciare, molestare, frodare, istigare, molestare un&#8217;altra persona o sostenere la molestia di un&#8217;altra persona, o interferire in altro modo con l&#8217;uso del Sito da parte di un altro utente.<\/p><p>5. Utilizzare la Piattaforma per inviare o trasmettere spam, catene di Sant&#8217;Antonio, concorsi, posta indesiderata, schemi piramidali, sondaggi o altri messaggi di massa, di natura commerciale o non commerciale.<\/p><p>6. Utilizzare la Piattaforma in qualsiasi modo che possa creare un conflitto di interessi; ad esempio, scambiando opinioni con altri imprenditori o scrivendo o sollecitando feedback.<\/p><p>7. Utilizzare la Piattaforma per trasmettere virus informatici, worm, difetti, cavalli di Troia o altri elementi di natura distruttiva.<\/p><p>8. Utilizzare qualsiasi dispositivo, software o routine per interferire con il corretto funzionamento del Sito web o tentare in altro modo di interferire con il corretto funzionamento del Sito web.<\/p><p>9. Utilizzare la Piattaforma per violare la sicurezza di qualsiasi rete di computer, decifrare password o codici di crittografia di sicurezza.<\/p><p>10. Interrompere o interferire con la sicurezza della Piattaforma o danneggiarla in qualsiasi modo.<\/p><p> <\/p><h4>5. Diritti di propriet\u00e0 intellettuale e industriale<\/h4><p>Tutti i contenuti della Piattaforma, compresi, a titolo esemplificativo ma non esaustivo, la programmazione, l&#8217;editing, la compilazione e gli altri elementi necessari al suo funzionamento, i disegni, i loghi, le immagini, i testi e\/o i grafici, sono di propriet\u00e0 di Todo Tours o se si dispone di una licenza o di un&#8217;autorizzazione espressa da parte degli autori.<\/p><p>I disegni, i loghi, i testi e\/o la grafica esterni a Todo Tours e che possono comparire sulla Piattaforma appartengono ai rispettivi proprietari, essendo essi stessi responsabili di ogni eventuale controversia che possa sorgere in merito. In ogni caso, Todo Tours deve ottenere la preventiva autorizzazione da parte di questi ultimi. <\/p><p>Indipendentemente dallo scopo per cui sono stati concepiti, la riproduzione totale o parziale, l&#8217;uso, lo sfruttamento, la distribuzione e la commercializzazione dei contenuti della Piattaforma richiedono in ogni caso la preventiva autorizzazione scritta di Todo Tours. Qualsiasi utilizzo non preventivamente autorizzato da Todo Tours sar\u00e0 considerato una grave violazione dei diritti di propriet\u00e0 intellettuale o industriale dell&#8217;autore. <\/p><p>Per inviare commenti su eventuali violazioni dei diritti di propriet\u00e0 intellettuale o industriale, nonch\u00e9 su qualsiasi contenuto della Piattaforma, puoi farlo inviando un&#8217;e-mail al seguente indirizzo: hola@todotours.com.<\/p><p>In qualit\u00e0 di utente, puoi contribuire con contenuti a questa Piattaforma, ad esempio pubblicando commenti che esprimono la tua esperienza di attivit\u00e0 a cui hai partecipato e\/o valutando qualsiasi aspetto di tali attivit\u00e0, e ti assumi la piena responsabilit\u00e0 e il rischio di tali contenuti o di qualsiasi altra informazione che fornisci, distribuisci, aggreghi, includi, colleghi o carichi in altro modo sulla Piattaforma, compreso l&#8217;eventuale affidamento da parte di terzi sulla loro accuratezza o utilit\u00e0, nonch\u00e9 l&#8217;auto-diffusione di informazioni di identificazione personale.<\/p><p>Sebbene Todo Tours non possieda o controlli alcuno dei contenuti inseriti dall&#8217;utente, quest&#8217;ultimo accetta che, includendo i propri contenuti sulla Piattaforma, l&#8217;utente ci conceda automaticamente il diritto di visualizzare e promuovere i propri contenuti, nonch\u00e9 di modificarli e\/o modificarli per renderli pi\u00f9 chiari, di correggerli grammaticalmente o di incorporarli in pubblicit\u00e0 e altre attivit\u00e0.<\/p><p>L&#8217;utente concede inoltre agli utenti di Todo Tours il diritto di accedere ai suoi commenti in relazione all&#8217;utilizzo della nostra Piattaforma.<\/p><p> <\/p><h4>6. Revisioni e modifiche<\/h4><p>Si applicheranno le politiche e i termini in vigore nel momento in cui l&#8217;utente utilizza questa Piattaforma, a meno che non ci venga richiesto dalla legge o da una decisione di un ente governativo di apportare modifiche retroattive a tali politiche o termini.<\/p><p>Todo Tours si riserva il diritto di rivedere e modificare i presenti termini e condizioni in qualsiasi momento e senza preavviso. Di conseguenza, ti consigliamo di consultarli periodicamente per essere informato di tali modifiche. <\/p><p>L&#8217;utilizzo dei nostri servizi dopo tali modifiche o dopo aver accettato esplicitamente i nuovi Termini collegandosi alla Piattaforma costituir\u00e0 il consenso a tali modifiche.<\/p><p> <\/p><h4>7. Legge applicabile e giurisdizione competente<\/h4><p>La legislazione applicabile al funzionamento di questa Piattaforma \u00e8 la legge spagnola.<\/p><p>I Giudici e i Tribunali della citt\u00e0 di Madrid saranno competenti per risolvere eventuali controversie derivanti dall&#8217;uso, dall&#8217;interpretazione o dall&#8217;applicazione delle presenti condizioni.<\/p><p> <\/p><h4>8. Contatti<\/h4><p>Se hai domande sulle presenti condizioni, puoi contattare Todo Tours all&#8217;indirizzo <a href=\"mailto:hola@todotours.com\">hola@todotours.com<\/a> per il quale accetti espressamente l&#8217;uso dell&#8217;e-mail come procedura valida per lo scambio di informazioni e l&#8217;invio di comunicazioni con Todo Tours.<\/p><p> <\/p><h3>TERMINI E CONDIZIONI SPECIALI DI UTILIZZO<\/h3><p> <\/p><h4>1. Prenotazioni<\/h4><p>Todo Tours si riserva il diritto futuro di richiedere la registrazione degli utenti per l&#8217;accesso a determinati servizi o contenuti del sito web, per i quali sar\u00e0 richiesta la scelta di una password che consenta l&#8217;identificazione personale dell&#8217;utente (&#8220;login&#8221; e &#8220;password&#8221;).<\/p><p>Le password assegnate saranno personali e non trasferibili e non potranno essere cedute, nemmeno temporaneamente, a terzi. A questo proposito, l&#8217;utente si impegna a fare un uso diligente e a mantenere segreta la\/e password e il\/i nome\/i utente assegnato\/i, se del caso, per accedere al sito web e\/o ai servizi forniti. Nel caso in cui l&#8217;utente sia a conoscenza o sospetti la perdita, il furto o l&#8217;utilizzo della propria password da parte di terzi, dovr\u00e0 informare Todo Tours il prima possibile.  <\/p><p>L&#8217;utente sar\u00e0 responsabile dei costi e dei danni causati dall&#8217;uso dei servizi da parte di terzi che utilizzino le sue password e i suoi nomi utente a tale scopo, a causa di un uso non diligente o della perdita delle password e dei nomi utente dell&#8217;utente.<\/p><p>Per effettuare una prenotazione attraverso il Sito, l&#8217;Utente dovr\u00e0 fornire i propri dati personali (nome, cognome, e-mail e numero di telefono) o, se del caso, i dati della persona per conto della quale sta prenotando l&#8217;attivit\u00e0.<\/p><p>In virt\u00f9 delle presenti Condizioni Generali d&#8217;Uso, gli Utenti dichiarano di fornire informazioni veritiere, accurate, aggiornate e complete sulla propria identit\u00e0 o, se del caso, sulla persona per conto della quale viene prenotata l&#8217;attivit\u00e0. In tal senso, gli Utenti saranno responsabili dell&#8217;accuratezza dei dati forniti e delle conseguenze che potrebbero derivare da errori nelle informazioni fornite. <\/p><p> <\/p><h4>2. Condizioni specifiche per la prenotazione e la realizzazione delle attivit\u00e0<\/h4><p>Le prenotazioni effettuate da ciascun Utente attraverso il Sito sono soggette alle condizioni specifiche applicabili a ciascuna attivit\u00e0, escursione o visita guidata. L&#8217;Utente trover\u00e0 tali condizioni nella scheda di ciascuna attivit\u00e0, nonch\u00e9 nell&#8217;e-mail di conferma inviata a Todo Tours una volta effettuata la prenotazione. <\/p><p>Il punto d&#8217;incontro, la data, l&#8217;ora, la durata e tutte le informazioni necessarie per godersi l&#8217;attivit\u00e0 prenotata sono dettagliate nella pagina di ogni attivit\u00e0.<\/p><p>Non \u00e8 consentito prendere appunti, fare foto o registrare immagini o suoni delle visite senza la preventiva autorizzazione del personale di Todo Tours.<\/p><p>Per rispetto di tutti i partecipanti, la Guida inizier\u00e0 il Tour puntualmente; \u00e8 tua responsabilit\u00e0 essere al punto di partenza in orario.<\/p><p>Gli organizzatori si riservano il diritto di modificare o cancellare il percorso e la visita, l&#8217;ingresso ai monumenti e gli orari previsti, per motivi pienamente giustificati.<\/p><p>La durata delle attivit\u00e0 pubblicate sul sito web \u00e8 solo indicativa e pu\u00f2 variare leggermente in base allo sviluppo dell&#8217;attivit\u00e0 stessa o a fattori esterni al di fuori del controllo della guida.<\/p><p>Per garantire il tuo posto, devi presentarti al punto d&#8217;incontro non pi\u00f9 tardi di 10 minuti prima dell&#8217;inizio del tour, dopodich\u00e9 ci riserviamo il diritto di riassegnare il tuo posto a chiunque altro. Con questa misura intendiamo essere equi nei confronti di tutti coloro che sono interessati a partecipare al tour e garantire la puntualit\u00e0 dell&#8217;inizio del tour. <\/p><p>I TOUR TEMATICI sono a pagamento. Una volta completata la prenotazione, il biglietto e la conferma della prenotazione verranno inviati automaticamente via e-mail. Se per qualsiasi motivo non ricevi questa e-mail, ti preghiamo di contattarci all&#8217;indirizzo betogether@betogethertours.com, poich\u00e9 in questo caso \u00e8 probabile che l&#8217;ordine non sia stato elaborato in modo soddisfacente. Ti invitiamo inoltre a controllare la cartella spam prima di contattarci.   <\/p><p>Dovrai stampare il voucher di prenotazione o mostrarlo dal tuo cellulare o tablet e presentarlo insieme a un documento d&#8217;identit\u00e0 valido con foto prima dell&#8217;inizio del tour. Anche se faremo del nostro meglio per verificare le prenotazioni di coloro che si presentano senza un biglietto stampato valido, non possiamo garantirlo. In questo caso, dovrai acquistare un nuovo biglietto per il tour.  <\/p><p>Il tour include le guide e, se specificato, pu\u00f2 includere il costo del trasporto. Cibo, bevande, uso dei servizi igienici, spese accessorie e qualsiasi altro elemento non specificato nella descrizione del tour non sono inclusi nel prezzo del tour. <\/p><p>I TOUR PRIVATI sono tour a pagamento con una guida esclusivamente per te e i tuoi compagni. Cibo, bevande, uso dei servizi igienici, spese accessorie e qualsiasi altro aspetto non specificato nella descrizione del tour non sono inclusi nel prezzo del tour. La guida sar\u00e0 prenotata solo per il periodo di tempo indicato nella descrizione della prenotazione. Se il gruppo \u00e8 in ritardo di oltre 10 minuti, il tempo di attesa sar\u00e0 ridotto rispetto alla durata del tour concordata.   <\/p><p>La partecipazione ai tour di Todo Tours \u00e8 strettamente volontaria e sia la guida autonoma che Todo Tours si riservano il diritto di rifiutare la partecipazione a qualsiasi persona per qualsiasi motivo e in qualsiasi momento.<\/p><p>Come per ogni attivit\u00e0 umana, esiste un livello di rischio. Tuttavia, Todo Tours si impegna al massimo per ridurre al minimo tale rischio. Sia Todo Tours che le guide indipendenti che forniscono i servizi promossi da Todo Tours non si assumono alcuna responsabilit\u00e0 per i danni causati alla tua persona o alla tua propriet\u00e0 durante il tour.  <\/p><p> <\/p><h4>3. Politica di cancellazione<\/h4><p>A ciascun servizio si applicheranno condizioni di cancellazione specifiche, che stabiliranno il periodo di cancellazione e l&#8217;eventuale presenza di penali, che appariranno sulla pagina di ciascuna attivit\u00e0.<\/p><p>Come regola generale:<\/p><p>Il titolare dell&#8217;acquisto avr\u00e0 il diritto di richiedere il rimborso entro un periodo non superiore a 7 giorni di calendario dalla data di acquisto. In caso di modifica dell&#8217;itinerario o della durata della visita, per motivi che esulano dal controllo dell&#8217;organizzazione, non sar\u00e0 possibile effettuare alcuna modifica o rimborso. <\/p><p>Todo Tours si riserva il diritto di accettare o rifiutare un acquisto per qualsiasi motivo, tra cui, a titolo esemplificativo e non esaustivo, l&#8217;indisponibilit\u00e0 di una prenotazione, un errore nel prezzo o nella descrizione o nell&#8217;immagine del servizio o del prodotto, o per qualsiasi errore nell&#8217;acquisto.<\/p><p>L&#8217;impossibilit\u00e0 di partecipare al servizio concordato, l&#8217;arrivo in ritardo, la mancata partecipazione all&#8217;attivit\u00e0 o un errore al momento dell&#8217;acquisto non saranno motivi validi per un rimborso. Al momento dell&#8217;acquisto del biglietto, ti preghiamo di verificare che la visita, la data e l&#8217;orario siano corretti, poich\u00e9 non saranno accettate modifiche o rimborsi, se non per motivi non imputabili al cliente. <\/p><p>In caso di condizioni meteorologiche avverse che costringano alla cancellazione involontaria dell&#8217;attivit\u00e0, verr\u00e0 concordata una nuova data.<\/p><p>In caso di annullamento di una visita, per motivi non imputabili al cliente, questa verr\u00e0 sostituita con un&#8217;altra dello stesso prezzo, che l&#8217;utente potr\u00e0 scegliere, in base alla disponibilit\u00e0, e se il cambio non sar\u00e0 possibile, verr\u00e0 offerta la possibilit\u00e0 di avviare la procedura amministrativa per il rimborso dell&#8217;importo pagato.<\/p><p>IN CONFORMIT\u00c0 A QUANTO SOPRA, E ACCETTANDO LE PRESENTI CONDIZIONI GENERALI DI UTILIZZO, GLI UTENTI DICHIARANO DI AVER LETTO E ACCETTATO ESPRESSAMENTE LA PRESENTE POLITICA DI CANCELLAZIONE E DI ACCETTARE LE CONDIZIONI DI CANCELLAZIONE DELL&#8217;ATTIVIT\u00c0, DELL&#8217;ESCURSIONE, DEL TOUR GUIDATO E\/O DEL TRASFERIMENTO CHE PRENOTANO ATTRAVERSO IL SITO WEB.<\/p><p> <\/p><h4>4. Opinioni<\/h4><p>Gli utenti che hanno prenotato un&#8217;attivit\u00e0 riceveranno un&#8217;e-mail al termine della stessa, in modo da poter valutare l&#8217;esperienza e il servizio offerto.<\/p><p> <\/p><h4>5. Esclusione di responsabilit\u00e0<\/h4><p>A titolo esemplificativo, ma non esaustivo, Todo Tours non \u00e8 responsabile per le seguenti circostanze:<\/p><p>i. Cancellazioni effettuate dagli Utenti dopo la scadenza. Todo Tours non sar\u00e0 in alcun caso tenuta a rimborsare le somme versate dagli Utenti che non abbiano rispettato i termini di cancellazione previsti dalla politica di cancellazione applicabile a ciascun servizio. <\/p><p>ii. Ritardi o errori commessi dagli Utenti nell&#8217;arrivare al punto di incontro dell&#8217;attivit\u00e0, escursione, visita guidata e\/o trasferimento prenotato. <\/p><p>iv. Danni e furti che colpiscono gli Utenti e i loro beni durante la fruizione delle attivit\u00e0, delle escursioni e delle visite guidate e\/o durante il viaggio del servizio di trasferimento contrattato. <\/p><p>v. Per gli infortuni, i danni e gli incidenti che l&#8217;Utente potrebbe subire durante la fruizione dell&#8217;attivit\u00e0, dell&#8217;escursione, della visita guidata e\/o del trasferimento prenotato, nonch\u00e9 per gli infortuni, i danni e gli incidenti subiti dall&#8217;Utente prima del servizio e che gli hanno impedito di goderne. <\/p><p>viii. Le condizioni meteorologiche in cui si svolgono le attivit\u00e0, le escursioni e le visite guidate prenotate dagli Utenti. In nessun caso sar\u00e0 responsabile di tali circostanze e il servizio si intender\u00e0 correttamente erogato.  <\/p><p> <\/p><h4>6. Modifiche<\/h4><p>Todo Tours si riserva il diritto di apportare tutte le modifiche che riterr\u00e0 opportune alle presenti Condizioni Generali d&#8217;Uso, nel qual caso gli Utenti ne saranno preventivamente informati. Tali modifiche saranno valide a partire dalla loro pubblicazione sul Sito. <\/p><p> <\/p><h4>7. Clausola di salvaguardia<\/h4><p>Tutte le clausole o i termini delle presenti Condizioni Generali d&#8217;Uso devono essere interpretati in modo indipendente e autonomo, e le altre clausole non saranno influenzate nel caso in cui una di esse sia stata dichiarata nulla da una sentenza del tribunale o da una decisione arbitrale definitiva. La clausola o le clausole interessate saranno sostituite da un&#8217;altra o altre che mantengano gli effetti perseguiti dalle Condizioni Generali d&#8217;Uso. <\/p><\/div><\/div><\/div><\/div>\t\t\t\t\t\t\t\t<\/div>\n\t\t\t\t<\/div>\n\t\t\t\t\t<\/div>\n\t\t\t\t<\/div>\n\t\t\t\t<\/div>\n\t\t","protected":false},"excerpt":{"rendered":"<p>Termini e Condizioni TERMINI E CONDIZIONI GENERALI D&#8217;USO I seguenti Termini e Condizioni regolano l&#8217;accesso e l&#8217;utilizzo della piattaforma online www.todotours.com, dei contenuti che la compongono e delle attivit\u00e0 e\/o dei servizi in essa offerti. Todotours.com \u00e8 una piattaforma online dedicata alla pubblicazione e alla prenotazione di attivit\u00e0 turistiche, culturali e di svago in Spagna. [&hellip;]<\/p>\n","protected":false},"author":1,"featured_media":0,"parent":0,"menu_order":0,"comment_status":"closed","ping_status":"closed","template":"","meta":{"_acf_changed":false,"footnotes":""},"class_list":["post-14170","page","type-page","status-publish","hentry"],"acf":[],"_links":{"self":[{"href":"https:\/\/todotours.com\/it\/wp-json\/wp\/v2\/pages\/14170","targetHints":{"allow":["GET"]}}],"collection":[{"href":"https:\/\/todotours.com\/it\/wp-json\/wp\/v2\/pages"}],"about":[{"href":"https:\/\/todotours.com\/it\/wp-json\/wp\/v2\/types\/page"}],"author":[{"embeddable":true,"href":"https:\/\/todotours.com\/it\/wp-json\/wp\/v2\/users\/1"}],"replies":[{"embeddable":true,"href":"https:\/\/todotours.com\/it\/wp-json\/wp\/v2\/comments?post=14170"}],"version-history":[{"count":1,"href":"https:\/\/todotours.com\/it\/wp-json\/wp\/v2\/pages\/14170\/revisions"}],"predecessor-version":[{"id":14171,"href":"https:\/\/todotours.com\/it\/wp-json\/wp\/v2\/pages\/14170\/revisions\/14171"}],"wp:attachment":[{"href":"https:\/\/todotours.com\/it\/wp-json\/wp\/v2\/media?parent=14170"}],"curies":[{"name":"wp","href":"https:\/\/api.w.org\/{rel}","templated":true}]}}