{"id":14572,"date":"2025-06-05T13:57:19","date_gmt":"2025-06-05T11:57:19","guid":{"rendered":"https:\/\/todotours.com\/informativa-sulla-privacy\/"},"modified":"2025-10-20T12:48:19","modified_gmt":"2025-10-20T10:48:19","slug":"informativa-sulla-privacy","status":"publish","type":"page","link":"https:\/\/todotours.com\/it\/informativa-sulla-privacy\/","title":{"rendered":"Informativa sulla privacy"},"content":{"rendered":"\t\t<div data-elementor-type=\"wp-page\" data-elementor-id=\"14572\" class=\"elementor elementor-14572 elementor-3\" data-elementor-post-type=\"page\">\n\t\t\t\t<div class=\"has_ae_slider elementor-element elementor-element-60186b6 e-flex e-con-boxed ae-bg-gallery-type-default e-con e-parent\" data-id=\"60186b6\" data-element_type=\"container\" data-e-type=\"container\">\n\t\t\t\t\t<div class=\"e-con-inner\">\n\t\t\t\t<div class=\"elementor-element elementor-element-7f1c191 elementor-widget elementor-widget-text-editor\" data-id=\"7f1c191\" data-element_type=\"widget\" data-e-type=\"widget\" data-widget_type=\"text-editor.default\">\n\t\t\t\t<div class=\"elementor-widget-container\">\n\t\t\t\t\t\t\t\t\t<div id=\"page_caption\" class=\" withtopbar \"><p> <\/p><div class=\"page_title_wrapper\"><div class=\"page_title_inner\"><div class=\"page_title_content\"><h1>Informativa sulla privacy<\/h1><\/div><\/div><\/div><\/div><div id=\"page_content_wrapper\" class=\" \"><div class=\"inner\"><div class=\"inner_wrapper\"><div class=\"sidebar_content full_width\"><p>La seguente Informativa sulla Privacy si riferisce alla politica applicabile a questo sito web (www.todotours.com, di seguito il &#8220;Sito&#8221;), di propriet\u00e0 di <b>TODO TOURS GESTION SL<\/b> (di seguito &#8220;Todo Tours&#8221;), con codice fiscale B67952341 e sede legale in Calle Santa Isabel, 50, 28012, Madrid, Spagna, con indirizzo e-mail hola@todotours.com.<\/p><p>Noi di Todo Tours comprendiamo e rispettiamo l&#8217;importanza della privacy delle informazioni che ci fornisci. Per questo motivo, la protezione della privacy dei tuoi dati \u00e8 una responsabilit\u00e0 che riteniamo prioritaria. <\/p><p>Ti informiamo inoltre che Todo Tours \u00e8 responsabile del trattamento dei tuoi dati personali. Sebbene non siamo soggetti all&#8217;obbligo di designare un Responsabile della Protezione dei Dati, per qualsiasi domanda, richiesta o chiarimento in merito al trattamento dei tuoi dati personali, puoi rivolgere le tue richieste agli indirizzi e-mail e postali sopra indicati. <\/p><p>Ti consigliamo di leggere attentamente tutti i termini e le condizioni descritti di seguito.<\/p><h4>1. REGOLAMENTI A CUI \u00c8 SOGGETTO QUESTO SITO WEB<\/h4><p>Todo Tours ha adattato questo sito web ai requisiti della Legge Organica 15\/1999, del 13 dicembre, sulla Protezione dei Dati Personali (LOPD) e del Decreto Reale 1720\/2007, del 21 dicembre, noto come Regolamento per lo sviluppo della LOPD.<\/p><p>I tuoi dati saranno conservati nei nostri archivi in conformit\u00e0 con le norme dell&#8217;Agenzia spagnola per la protezione dei dati.<\/p><p>Il sito web \u00e8 inoltre conforme al Regolamento (UE) 2016\/679 del Parlamento europeo e del Consiglio, del 27 aprile 2016, sulla protezione delle persone fisiche (RGPD), nonch\u00e9 alla Legge 34\/2002, dell&#8217;11 luglio, sui servizi della societ\u00e0 dell&#8217;informazione e il commercio elettronico (LSSICE o LSSI).<\/p><h4>2. ORIGINE DEI TUOI DATI<\/h4><p>I dati personali trattati in questo sito web provengono da:<\/p><ul><li><b><\/b>Modulo di registrazione alla newsletter.<\/li><li><b><\/b>Modulo di prenotazione.<\/li><li><b><\/b>Modulo di contatto.<\/li><li>Modulo per le recensioni e i commenti.<\/li><\/ul><h4>3. FINALIT\u00c0 DEL TRATTAMENTO DEI TUOI DATI<\/h4><p>Oltre allo scopo di informare l&#8217;utente su novit\u00e0 e offerte di prodotti e servizi dell&#8217;azienda, e di ottenere la registrazione dei dati necessari per lo svolgimento delle attivit\u00e0 da noi svolte e di informare su attivit\u00e0 complementari svolte da Todo Tours, le seguenti sono le finalit\u00e0 del trattamento dei tuoi dati personali:<\/p><ul><li>Per elaborare e gestire la fornitura del servizio offerto attraverso il nostro sito web.<\/li><li>Gestire il pagamento dei servizi.<\/li><li>Richiedi opinioni e valutazioni sui servizi.<\/li><li>Gestisci i tuoi dubbi o le tue domande.<\/li><li>Sviluppare sondaggi, promozioni e studi statistici.<\/li><li>Per informare di modifiche rilevanti a Todo Tours o alle condizioni di accesso al nostro sito web.<\/li><li>Per rispettare i requisiti di fatturazione, contabilit\u00e0 e revisione contabile di Todo Tours.<\/li><li>Effettuare comunicazioni commerciali via e-mail su altri servizi offerti sul nostro sito e che Todo Tours ritiene possano essere di tuo interesse.<\/li><li>Nel caso in cui il nostro sito web consenta la registrazione, creare un account utente e consentire l&#8217;accesso come utente registrato al nostro sito web e\/o applicazione mobile Todo Tours in occasioni future.<\/li><li>Per comunicare i dati ai nostri collaboratori per la fornitura del servizio oggetto del contratto.<\/li><\/ul><h4>4. COMUNICAZIONE DEI DATI A TERZI<\/h4><p>Per la necessaria fornitura dei servizi contrattati, accetti che Todo Tours, in qualit\u00e0 di intermediario, comunichi i tuoi dati personali a societ\u00e0 terze (partner o fornitori di servizi), compresi quelli di altre persone per conto delle quali hai effettuato la prenotazione. L&#8217;utente accetta inoltre di aver ottenuto il consenso esplicito di tali terze parti prima di comunicare i loro dati a Todo Tours. <\/p><p>I dati che inviamo ai nostri partner saranno utilizzati solo al fine di garantire il servizio concordato. Ti forniremo il tuo nome, l&#8217;email e il numero di telefono e, in caso di servizi con ritiro in hotel, i dettagli del tuo alloggio per il ritiro. Ti forniremo anche i dati del passaporto, della carta d&#8217;identit\u00e0, dell&#8217;et\u00e0, della nazionalit\u00e0 e del sesso, nel caso di servizi specifici che lo richiedano. Todo Tours non fornir\u00e0 altre informazioni personali a societ\u00e0 terze. Questi fornitori hanno sottoscritto con Todo Tours i contratti di riservatezza e trattamento dei dati richiesti dalla normativa vigente, applicando le garanzie e le salvaguardie necessarie per preservare la privacy dei tuoi dati.    <\/p><p>Di conseguenza, accettando la presente Informativa sulla privacy, accetti che il nostro partner possa utilizzare i dati forniti per contattarti, esclusivamente allo scopo di garantire la fornitura del servizio oggetto del contratto.<\/p><p>Possiamo inoltre utilizzare o divulgare i dati personali a terzi, qualora lo ritenessimo necessario o opportuno, nei seguenti casi:<\/p><p>(a) in conformit\u00e0 alle leggi vigenti, comprese quelle al di fuori del tuo paese di residenza; (b) per ottemperare a procedimenti legali; (c) per rispondere a richieste di autorit\u00e0 pubbliche o funzionari, comprese le autorit\u00e0 ufficiali al di fuori del tuo paese di residenza; (d) per far rispettare i nostri termini e condizioni; (e) per proteggere le nostre operazioni o quelle di uno dei nostri partner; (f) per proteggere i nostri diritti, la nostra privacy, la nostra sicurezza e la nostra propriet\u00e0; o (g) per consentirci di perseguire i rimedi disponibili o limitare l&#8217;entit\u00e0 di eventuali danni che potremmo subire.      <\/p><h4>5. COMUNICAZIONE VIA E-MAIL<\/h4><p>Accettando la presente Informativa sulla Privacy, l&#8217;utente accetta che Todo Tours possa inviargli e-mail relative ai servizi oggetto del contratto, alle valutazioni degli stessi, nonch\u00e9 alle modifiche dei nostri termini, condizioni e politiche.<\/p><p>Allo stesso modo, accettando la presente Informativa sulla Privacy, accetti espressamente che Todo Tours possa inviarti comunicazioni commerciali via e-mail su altre attivit\u00e0 commercializzate attraverso il nostro sito web e che Todo Tours ritiene possano essere di tuo interesse, relative al settore del tempo libero: Viaggi e Turismo, Comunicazione e intrattenimento.<\/p><p>Se non sei pi\u00f9 interessato a ricevere comunicazioni di marketing via e-mail da parte nostra, puoi annullare l&#8217;iscrizione in qualsiasi momento seguendo le istruzioni fornite in ogni e-mail di marketing o inviandoci un&#8217;e-mail all&#8217;indirizzo hola@todotours.com.<\/p><h4>6. CONSERVAZIONE DEI DATI<\/h4><p>I dati personali forniti saranno conservati:<\/p><ul><li><b><\/b>A patto che il rapporto commerciale venga mantenuto.<\/li><li><b><\/b>L&#8217;interessato non ha presentato alcuna richiesta di cancellazione.<\/li><\/ul><h4>7. DIRITTI<\/h4><p>Chiunque ha il diritto di ottenere la conferma che Todo Tours stia trattando o meno i dati personali che lo riguardano.<\/p><p>Le persone interessate hanno i seguenti diritti:<\/p><ul><li>Diritto di richiedere l&#8217;accesso ai dati personali dell&#8217;interessato.<\/li><li>Il diritto di richiederne la rettifica o la cancellazione.<\/li><li>Il diritto di richiedere la limitazione del trattamento.<\/li><li>Diritto di opporsi al trattamento.<\/li><li>Diritto alla portabilit\u00e0 dei dati.<\/li><\/ul><p>Puoi esercitare i tuoi diritti inviando una lettera al seguente indirizzo: hola@todotours.com.<\/p><p>Gli interessati possono accedere ai propri dati personali, nonch\u00e9 richiedere la rettifica dei dati inesatti o, se del caso, richiederne la cancellazione quando, tra le altre ragioni, i dati non sono pi\u00f9 necessari per gli scopi per cui sono stati raccolti.<\/p><p>In determinate circostanze, gli interessati possono richiedere di limitare il trattamento dei loro dati, nel qual caso li conserveremo solo per esercitare o difendere i loro diritti.<\/p><p>In determinate circostanze e per motivi legati alla loro particolare situazione, gli interessati possono opporsi al trattamento dei loro dati. Todo Tours interromper\u00e0 il trattamento dei dati, tranne che per motivi legittimi e impellenti, o per l&#8217;esercizio o la difesa di eventuali diritti. Possono inoltre richiedere la portabilit\u00e0 dei loro dati.  <\/p><p>Gli interessati hanno inoltre il diritto a un&#8217;efficace tutela giurisdizionale e il diritto di presentare un reclamo all&#8217;autorit\u00e0 di controllo, in questo caso l&#8217;Agenzia spagnola per la protezione dei dati, se ritengono che il trattamento dei dati personali che li riguardano violi il Regolamento.<\/p><h4>8. DATI DI NAVIGAZIONE<\/h4><p>Quando l&#8217;utente accede ai nostri siti web, possiamo raccogliere automaticamente (cio\u00e8 non attraverso la registrazione) informazioni che non consentono l&#8217;identificazione personale (ad esempio, il tipo di browser Internet e il sistema operativo utilizzato, il nome di dominio del sito web di origine, il numero di visite, il tempo medio trascorso sul nostro sito web, le pagine visitate). Possiamo utilizzare queste informazioni e condividerle all&#8217;interno di Todo Tours. per misurare l&#8217;utilizzo dei nostri siti web e migliorarne i contenuti.  <\/p><h4>9. SICUREZZA<\/h4><p>All Tours adotta misure precauzionali per garantire la sicurezza delle tue informazioni personali e si impegna a farlo rigorosamente attraverso l&#8217;analisi dei rischi e una revisione continua della sicurezza e della valutazione dell&#8217;impatto sulla protezione dei dati. Proteggiamo le tue informazioni personali da perdita, distruzione, falsificazione, manipolazione e accesso non autorizzato. <\/p><p>Tuttavia, Todo Tours non pu\u00f2 garantire l&#8217;assoluta inespugnabilit\u00e0 della rete Internet e quindi la violazione dei dati attraverso l&#8217;accesso fraudolento ad essi da parte di terzi.<\/p><p>Nel caso in cui venga rilevata una violazione in cui l&#8217;utente subisca un qualche tipo di danno, come ad esempio un furto di identit\u00e0 o una violazione della sicurezza dei dati personali, Todo Tours ha stabilito i relativi protocolli per la notifica all&#8217;Autorit\u00e0 Garante per la protezione dei dati personali (massimo 72 ore) e, se necessario, alle parti interessate.<\/p><h4>10. VERIDICIT\u00c0 DEI DATI<\/h4><p>In qualit\u00e0 di utente, l&#8217;utente \u00e8 l&#8217;unico responsabile dell&#8217;accuratezza e della correttezza dei dati che invia a Todo Tours, esonerando Todo Tours da qualsiasi responsabilit\u00e0 al riguardo. L&#8217;utente garantisce e risponde, in ogni caso, dell&#8217;accuratezza, della validit\u00e0 e dell&#8217;autenticit\u00e0 dei dati personali forniti e si impegna a mantenerli aggiornati. L&#8217;utente si impegna a fornire informazioni complete e corrette nel modulo di contatto o di iscrizione.  <\/p><h4>11. ACCETTAZIONE<\/h4><p>L&#8217;utente dichiara di essere stato informato delle condizioni sulla protezione dei dati personali, accettando e acconsentendo al trattamento degli stessi da parte di Todo Tours nelle modalit\u00e0 e per le finalit\u00e0 indicate nella presente informativa sulla privacy.<\/p><p>Ricorda che la tua sicurezza e la tua privacy sono importanti per noi! Selezionando la casella di accettazione dichiari di aver letto l&#8217;informativa sulla privacy e acconsenti all&#8217;archiviazione dei tuoi dati in conformit\u00e0 con le disposizioni del Regolamento europeo sulla protezione dei dati personali n. 679\/2016 (GDPR).<\/p><h4>12. MODIFICHE ALL&#8217;INFORMATIVA SULLA PRIVACY<\/h4><p>Todo Tours si riserva il diritto di modificare la presente informativa per adeguarla a nuove leggi o giurisprudenze, nonch\u00e9 alle prassi del settore. In tali casi, il Gestore annuncer\u00e0 su questa pagina le modifiche introdotte con ragionevole anticipo rispetto alla loro attuazione. <\/p><h4>13. CONTATTO<\/h4><p>Per esercitare i tuoi diritti di utente o per porre domande sulla nostra Informativa sulla privacy, puoi inviarci un&#8217;e-mail all&#8217;indirizzo <a href=\"mailto:hola@todotours.com\">hola@todotours.com.<\/a><\/p><\/div><\/div><\/div><\/div>\t\t\t\t\t\t\t\t<\/div>\n\t\t\t\t<\/div>\n\t\t\t\t\t<\/div>\n\t\t\t\t<\/div>\n\t\t\t\t<\/div>\n\t\t","protected":false},"excerpt":{"rendered":"<p>Informativa sulla privacy La seguente Informativa sulla Privacy si riferisce alla politica applicabile a questo sito web (www.todotours.com, di seguito il &#8220;Sito&#8221;), di propriet\u00e0 di TODO TOURS GESTION SL (di seguito &#8220;Todo Tours&#8221;), con codice fiscale B67952341 e sede legale in Calle Santa Isabel, 50, 28012, Madrid, Spagna, con indirizzo e-mail hola@todotours.com. Noi di Todo [&hellip;]<\/p>\n","protected":false},"author":1,"featured_media":0,"parent":0,"menu_order":0,"comment_status":"closed","ping_status":"closed","template":"","meta":{"_acf_changed":false,"footnotes":""},"class_list":["post-14572","page","type-page","status-publish","hentry"],"acf":[],"_links":{"self":[{"href":"https:\/\/todotours.com\/it\/wp-json\/wp\/v2\/pages\/14572","targetHints":{"allow":["GET"]}}],"collection":[{"href":"https:\/\/todotours.com\/it\/wp-json\/wp\/v2\/pages"}],"about":[{"href":"https:\/\/todotours.com\/it\/wp-json\/wp\/v2\/types\/page"}],"author":[{"embeddable":true,"href":"https:\/\/todotours.com\/it\/wp-json\/wp\/v2\/users\/1"}],"replies":[{"embeddable":true,"href":"https:\/\/todotours.com\/it\/wp-json\/wp\/v2\/comments?post=14572"}],"version-history":[{"count":1,"href":"https:\/\/todotours.com\/it\/wp-json\/wp\/v2\/pages\/14572\/revisions"}],"predecessor-version":[{"id":14573,"href":"https:\/\/todotours.com\/it\/wp-json\/wp\/v2\/pages\/14572\/revisions\/14573"}],"wp:attachment":[{"href":"https:\/\/todotours.com\/it\/wp-json\/wp\/v2\/media?parent=14572"}],"curies":[{"name":"wp","href":"https:\/\/api.w.org\/{rel}","templated":true}]}}